{"id":2289,"date":"2021-11-08T19:45:19","date_gmt":"2021-11-08T19:45:19","guid":{"rendered":"https:\/\/rcrcommodities.com\/?page_id=2289"},"modified":"2021-11-08T19:45:21","modified_gmt":"2021-11-08T19:45:21","slug":"planta-de-aprovechamiento-ecologico-de-residuos-estara-en-marcha-a-mediados-del-ano-entrante","status":"publish","type":"page","link":"https:\/\/rcrcommodities.com\/?page_id=2289","title":{"rendered":"Planta de aprovechamiento ecol\u00f3gico de residuos estar\u00e1 en marcha a mediados del a\u00f1o entrante"},"content":{"rendered":"\n<h2>BOLET\u00cdN INFORMATIVO<br>Tlajomulco de Z\u00fa\u00f1iga, Jalisco; a&nbsp;21 de octubre de 2021<\/h2>\n\n\n\n<figure class=\"wp-block-image size-full is-resized\"><a href=\"https:\/\/rcrcommodities.com\/wp-content\/uploads\/2021\/11\/PHOTO-2021-10-21-11-28-18.jpg\"><img loading=\"lazy\" src=\"https:\/\/rcrcommodities.com\/wp-content\/uploads\/2021\/11\/PHOTO-2021-10-21-11-28-18.jpg\" alt=\"\" class=\"wp-image-2297\" width=\"394\" height=\"284\" srcset=\"https:\/\/rcrcommodities.com\/wp-content\/uploads\/2021\/11\/PHOTO-2021-10-21-11-28-18.jpg 576w, https:\/\/rcrcommodities.com\/wp-content\/uploads\/2021\/11\/PHOTO-2021-10-21-11-28-18-300x216.jpg 300w\" sizes=\"(max-width: 394px) 100vw, 394px\" \/><\/a><\/figure>\n\n\n\n<p>El Gobierno de Tlajomulco de Z\u00fa\u00f1iga realiz\u00f3 este jueves la firma de contrato para la construcci\u00f3n y puesta en marcha del proyecto de aprovechamiento ecol\u00f3gico de residuos \u00fanico en Am\u00e9rica Latina denominado, T\u00faPlanta.<\/p>\n\n\n\n<p><br>Se trata de un centro de aprovechamiento ecol\u00f3gico de basura que permitir\u00e1 reutilizar casi el 100 por ciento de los desechos generados por el municipio a cargo de la empresa RCRWTE de M\u00e9xico SA de CV. La construcci\u00f3n arrancar\u00e1 en cuanto el Ayuntamiento entregue el terreno a la firma y se estima que estar\u00e1 concluida para iniciar operaciones a mediados del pr\u00f3ximo a\u00f1o 2022.<\/p>\n\n\n\n<p><br>\u201cEstoy muy contento porque a partir de hoy y durante los siguientes meses, vamos a tener la construcci\u00f3n de esta planta, que en ocho meses estar\u00e1 en funcionamiento, as\u00ed es que empieza la cuenta regresiva\u201d, se\u00f1al\u00f3 el Alcalde Salvador Zamora Zamora.<\/p>\n\n\n\n<p><br>\u201cEl compromiso y esfuerzo que hicimos nosotros tambi\u00e9n para que este proyecto salga adelante, uno de los proyectos m\u00e1s importantes de esta Administraci\u00f3n, pues hoy a partir de la firma de este contrato, est\u00e1 en manos de esta empresa, y por supuesto nosotros le pondremos toda la inteligencia, toda la sabidur\u00eda, todo nuestro equipo t\u00e9cnico del gobierno para acompa\u00f1ar este proyecto tan importante\u201d.<\/p>\n\n\n\n<p><br>En el anuncio de la firma del contrato participaron Zamora Zamora y los representantes de RCRWTE de M\u00e9xico SA de CV, Ren\u00e9 Max Gallegos; Alejandro \u00c1lvarez Bello; Alberto Horacio \u00c1lvarez y Marcos Ch\u00e1vez Rozada. Este \u00faltimo que se desempe\u00f1a como jefe de Mercadotecnia de Latinoam\u00e9rica dentro de la empresa, tambi\u00e9n ser\u00e1 el director del proyecto T\u00faPlanta.<\/p>\n\n\n\n<p><br>Ch\u00e1vez Rozada expuso que T\u00faPlanta tendr\u00e1 la capacidad de procesar hasta mil 500 toneladas de basura diarias en una primera etapa para beneficiar hasta 750 mil habitantes de la regi\u00f3n, y generar 90 empleos directos y 900 de forma indirecta. Adem\u00e1s de lograr un ahorro para el municipio de 90 millones de pesos al a\u00f1o.<\/p>\n\n\n\n<p><br>\u201cHoy comienza esta realidad con la firma de T\u00faPlanta, representa el ejemplo para todo M\u00e9xico, es un ejemplo del camino correcto en la gesti\u00f3n de los residuos municipales\u201d, destac\u00f3 Ch\u00e1vez Rozada.<\/p>\n\n\n\n<p><br>\u201cT\u00faPlanta cuenta con tecnolog\u00eda de punta patentada que transforma desechos en productos de alto valor para despu\u00e9s ser utilizados en otros procesos. El compromiso adquirido entre todos el d\u00eda de hoy, nos obliga a ser certeros, eficaces y a dar resultados pronto\u201d.<\/p>\n\n\n\n<p><br>Con la operaci\u00f3n de T\u00faPlanta se tendr\u00e1n beneficios ambientales en Tlajomulco como reducir los gases de efecto invernadero; disminuir la emisi\u00f3n de CO2; minimizar el impacto de lixiviados y riesgos de incendios y reciclar hasta 547 mil 500 toneladas de residuos al a\u00f1o.<\/p>\n\n\n\n<h1>Ecological waste management plant will be up and running in the middle of next year.<\/h1>\n\n\n\n<h2>NEWSLETTER Tlajomulco de Z\u00fa\u00f1iga, Jalisco; as of<br>October 21, 2021<\/h2>\n\n\n\n<figure class=\"wp-block-image size-full is-resized\"><a href=\"https:\/\/rcrcommodities.com\/wp-content\/uploads\/2021\/11\/PHOTO-2021-10-21-11-28-18-1.jpg\"><img loading=\"lazy\" src=\"https:\/\/rcrcommodities.com\/wp-content\/uploads\/2021\/11\/PHOTO-2021-10-21-11-28-18-1.jpg\" alt=\"\" class=\"wp-image-2299\" width=\"394\" height=\"283\" srcset=\"https:\/\/rcrcommodities.com\/wp-content\/uploads\/2021\/11\/PHOTO-2021-10-21-11-28-18-1.jpg 576w, https:\/\/rcrcommodities.com\/wp-content\/uploads\/2021\/11\/PHOTO-2021-10-21-11-28-18-1-300x216.jpg 300w\" sizes=\"(max-width: 394px) 100vw, 394px\" \/><\/a><\/figure>\n\n\n\n<p>The Government of Tlajomulco de Z\u00fa\u00f1iga made this Thursday the signing of a contract for the construction and start-up for a project of ecological use of waste unique in Latin America called, T\u00faPlanta. <\/p>\n\n\n\n<p>It is a center for the ecological use of garbage that will allow the reuse of 100 percent of the waste generated by the municipality in charge of the company, RCRWTE de M\u00e9xico SA de CV. The construction will start as soon as the City Council delivers the land to the firm, and it is estimated that it will be completed to start operations in the middle of next year 2022.<\/p>\n\n\n\n<p>&#8220;I am very happy because from today and during the following months, we will begin the construction of this plant, which in eight months will be in operation, so the countdown begins,&#8221; said Mayor Salvador Zamora Zamora. <\/p>\n\n\n\n<p>&#8220;The commitment and effort that we also made so that this project goes ahead, is one of the most important projects of this Administration, because today from the signing of this contract, it is in the hands of this company, and of course we will put all the intelligence, all the wisdom, all our technical team of the government to accompany this important project&#8221;. <\/p>\n\n\n\n<p>The announcement of the signing of the contract was attended by Zamora Zamora and the representatives of RCRWTE de M\u00e9xico SA de CV, Ren\u00e9 Max Gallegos; Alejandro \u00c1lvarez Bello; Alberto Horacio \u00c1lvarez and Marcos Ch\u00e1vez Rozada. The latter, who serves as head of Latin American Marketing within the company, will also be the director of the T\u00faPlanta project. <\/p>\n\n\n\n<p>Ch\u00e1vez Rozada explained that T\u00faPlanta will have the capacity to process up to one thousand five hundred tons of garbage daily in a first stage to benefit up to 750 thousand inhabitants of the region and generate ninety direct jobs and nine hundred indirectly. In addition to achieving savings for the municipality of ninety million pesos per year. <\/p>\n\n\n\n<p>&#8220;Today this reality begins with the signing of T\u00faPlanta, it represents the example for all of Mexico, it is an example on the right path in the management of municipal waste,&#8221; said Ch\u00e1vez Rozada. <\/p>\n\n\n\n<p>&#8220;T\u00faPlanta has patented state-of-the-art technology that transforms waste into high-value products and then is used in other processes. The commitment acquired between all of us today, forces us to be accurate, effective and to give results soon&#8221;. <\/p>\n\n\n\n<p>With the operation of T\u00faPlanta, there will be environmental benefits in Tlajomulco such as reducing greenhouse gases; reduce CO2 emissions; minimize the impact of leachate and fire risks and recycle up to 547,500 tons of waste per year.<\/p>\n","protected":false},"excerpt":{"rendered":"<p>BOLET\u00cdN INFORMATIVOTlajomulco de Z\u00fa\u00f1iga, Jalisco; a&nbsp;21 de octubre de 2021 El Gobierno de Tlajomulco de Z\u00fa\u00f1iga realiz\u00f3 este jueves la firma de contrato para la construcci\u00f3n y puesta en marcha del proyecto de aprovechamiento ecol\u00f3gico de residuos \u00fanico en Am\u00e9rica Latina denominado, T\u00faPlanta. Se trata de un centro de aprovechamiento ecol\u00f3gico de basura que permitir\u00e1 [&hellip;]<\/p>\n","protected":false},"author":5,"featured_media":0,"parent":0,"menu_order":0,"comment_status":"closed","ping_status":"closed","template":"","meta":{"_mi_skip_tracking":false,"spay_email":""},"jetpack_sharing_enabled":true,"jetpack_shortlink":"https:\/\/wp.me\/P7YMdS-AV","_links":{"self":[{"href":"https:\/\/rcrcommodities.com\/index.php?rest_route=\/wp\/v2\/pages\/2289"}],"collection":[{"href":"https:\/\/rcrcommodities.com\/index.php?rest_route=\/wp\/v2\/pages"}],"about":[{"href":"https:\/\/rcrcommodities.com\/index.php?rest_route=\/wp\/v2\/types\/page"}],"author":[{"embeddable":true,"href":"https:\/\/rcrcommodities.com\/index.php?rest_route=\/wp\/v2\/users\/5"}],"replies":[{"embeddable":true,"href":"https:\/\/rcrcommodities.com\/index.php?rest_route=%2Fwp%2Fv2%2Fcomments&post=2289"}],"version-history":[{"count":9,"href":"https:\/\/rcrcommodities.com\/index.php?rest_route=\/wp\/v2\/pages\/2289\/revisions"}],"predecessor-version":[{"id":2310,"href":"https:\/\/rcrcommodities.com\/index.php?rest_route=\/wp\/v2\/pages\/2289\/revisions\/2310"}],"wp:attachment":[{"href":"https:\/\/rcrcommodities.com\/index.php?rest_route=%2Fwp%2Fv2%2Fmedia&parent=2289"}],"curies":[{"name":"wp","href":"https:\/\/api.w.org\/{rel}","templated":true}]}}